{"id":403,"date":"2024-09-25T11:50:59","date_gmt":"2024-09-25T09:50:59","guid":{"rendered":"https:\/\/amalficare.com\/?page_id=403"},"modified":"2024-09-26T16:31:35","modified_gmt":"2024-09-26T14:31:35","slug":"politica-de-cookies","status":"publish","type":"page","link":"https:\/\/amalficare.com\/en\/politica-de-cookies\/","title":{"rendered":"Cookie Policy"},"content":{"rendered":"<p><strong>COOKIE POLICY<\/strong><\/p>\n\n\n\n<p><strong>INFORMATION ABOUT COOKIES<\/strong>&nbsp;<\/p>\n\n\n\n<p>In accordance with Law 34\/2002, of July 11, on information society services and electronic commerce (LSSI), in relation to Regulation (EU) 2016\/679 of the European Parliament and of the Council, of April 27, 2016, General Data Protection Regulation (GDPR) and Organic Law 3\/2018, of December 5, on Data Protection and Guarantee of Digital Rights (LOPDGDD), it is mandatory to obtain the express consent of the user of all web pages that use non-essential cookies, before browsing them.&nbsp;<\/p>\n\n\n\n<p><strong>WHAT ARE COOKIES?<\/strong>&nbsp;<\/p>\n\n\n\n<p>The <em>cookies <\/em>and other similar technologies such as local shared objects, flash <em>cookies <\/em>or pixels, are tools used by Web servers to store and retrieve information about their visitors, as well as to ensure the correct functioning of the site.<\/p>\n\n\n\n<p>By using these devices, the Web server is able to remember certain data concerning the user, such as their preferences for viewing the pages of that server, name and password, products that interest them most, etc.<\/p>\n\n\n\n<p><strong><em>COOKIES <\/em><\/strong><strong>AFFECTED BY THE REGULATIONS AND EXCEPTED COOKIES<\/strong><\/p>\n\n\n\n<p>According to the EU directive, the <em>cookies <\/em>that require informed consent from the user are: <em>cookies <\/em>analytics and advertising and affiliation cookies, except for those of a technical nature and those necessary for the operation of the website or the provision of services expressly requested by the user.<\/p>\n\n\n\n<p><strong>TYPES OF COOKIES<\/strong>&nbsp;<\/p>\n\n\n\n<p><strong>ACCORDING TO THE PURPOSE<\/strong><\/p>\n\n\n\n<ul class=\"wp-block-list\">\n<li><strong><em>Cookies <\/em><\/strong><strong>technical and functional<\/strong>: are those that allow the user to navigate through a website, platform or application and use the different options or services that exist therein.<em>.<\/em>\u00a0<\/li>\n\n\n\n<li><strong><em>Cookies <\/em><\/strong><strong>analytics<\/strong>: These are those that allow the person responsible for them to monitor and analyze the behavior of the users of the websites to which they are linked. The information collected through this type of cookies is stored in the browser of the website. <em>cookies<\/em> It is used to measure the activity of websites, applications or platforms and to create navigation profiles of users of said sites, applications and platforms, in order to introduce improvements based on the analysis of the usage data made by users of the service.<\/li>\n\n\n\n<li><strong><em>Cookies<\/em><\/strong> <strong>advertising:<\/strong> These are those that allow the management, in the most efficient way possible, of the advertising spaces that, where appropriate, the editor has included on a website, application or platform from which the requested service is provided based on criteria such as the edited content or the frequency with which the advertisements are displayed.\u00a0<\/li>\n\n\n\n<li><strong><em>Cookies <\/em><\/strong><strong>behavioral advertising<\/strong>: collect information about the user&#039;s personal preferences and choices (<em>retargeting<\/em>) to allow the management, in the most efficient way possible, of the advertising spaces that, where appropriate, the publisher has included on a website, application or platform from which it provides the requested service.<\/li>\n\n\n\n<li><strong><em>Cookies <\/em><\/strong><strong>social<\/strong>: These are set by social media platforms on the Services to enable you to share content with your friends and networks. Social media platforms have the ability to track your online activity outside of the Services. This may affect the content and messages you see on other Services you visit.<\/li>\n\n\n\n<li><strong><em>Cookies <\/em><\/strong><strong>of affiliates<\/strong>: allow tracking of visits from other websites, with which the website establishes an affiliation contract (affiliate companies).<\/li>\n\n\n\n<li><strong><em>Cookies <\/em><\/strong><strong>security<\/strong>: They store encrypted information to prevent the data stored in them from being vulnerable to malicious attacks by third parties.<\/li>\n<\/ul>\n\n\n\n<p><br><strong>ACCORDING TO THE PROPERTY<\/strong><\/p>\n\n\n\n<ul class=\"wp-block-list\">\n<li><strong><em>Cookies<\/em><\/strong><strong> own<\/strong>: These are cookies that are sent to the user&#039;s terminal equipment from a computer or domain managed by the publisher itself and from which the service requested by the user is provided.\u00a0<\/li>\n\n\n\n<li><strong><em>Cookies<\/em><\/strong> <strong>from third parties:<\/strong> These are cookies that are sent to the user&#039;s terminal equipment from a computer or domain that is not managed by the publisher, but by another entity that processes the data obtained through the cookies.<\/li>\n<\/ul>\n\n\n\n<p><br><strong>ACCORDING TO THE CONSERVATION PERIOD<\/strong><\/p>\n\n\n\n<ul class=\"wp-block-list\">\n<li><strong><em>Cookies<\/em><\/strong><strong> session:<\/strong> They are a type of <em>cookies<\/em> Designed to collect and store data while the user accesses a web page.\u00a0<\/li>\n\n\n\n<li><strong><em>Cookies<\/em><\/strong><strong> persistent:<\/strong> They are a type of cookies in which the data remains stored in the terminal and can be accessed and processed for a period defined by the person responsible for the <em>cookie<\/em>, which can range from a few minutes to several years.<\/li>\n<\/ul>\n\n\n\n<p><strong>PROCESSING OF PERSONAL DATA<\/strong><\/p>\n\n\n\n<p>QUIMI ROMAR SLU is the <strong>Data controller<\/strong> of the personal data of the <strong>Interested <\/strong>and informs you that these data will be processed in accordance with the provisions of Regulation (EU) 2016\/679 of 27 April 2016 (GDPR), and therefore the following processing information is provided:<\/p>\n\n\n\n<p><strong>Purposes of processing: <\/strong>as specified in the section of <em>cookies <\/em>that are used on this website.<\/p>\n\n\n\n<p><strong>Legitimation of the treatment<\/strong>: except in cases where it is necessary for browsing the website, with the consent of the interested party (art. 6.1.a GDPR).<\/p>\n\n\n\n<p><strong>Data retention criteria<\/strong>: as specified in the section of <em>cookies <\/em>used on the web.<\/p>\n\n\n\n<p><strong>Communication of data<\/strong>: data will not be communicated to third parties, except in cookies owned by third parties or by legal obligation.<\/p>\n\n\n\n<p><strong>Rights of the Interested Party<\/strong>:<\/p>\n\n\n\n<p>\u2013 Right to withdraw consent at any time.<br>\u2013 Right to access, rectify, transfer and delete your data, and to limit or oppose its processing.<br>\u2013 Right to file a complaint with the Supervisory Authority (www.aepd.es) if you consider that the processing does not comply with current regulations.<\/p>\n\n\n\n<p><strong>Contact details to exercise your rights:<\/strong><\/p>\n\n\n\n<p>QUIMI ROMAR SLU.<strong> <\/strong>CRTA. MONCADA A NAQUERA CV 315, KM 11.2, \u2013 46119 NAQUERA (Val\u00e8ncia). Email: info@quimiromar.com<\/p>\n\n\n\n<p><strong>COOKIES USED ON THIS WEBSITE<\/strong><\/p>\n\n\n\n<p><strong>COOKIES CONTROLLED BY THE EDITOR<\/strong><\/p>\n\n\n\n<p><strong>Technical and functional<\/strong><\/p>\n\n\n\n<figure class=\"wp-block-table\"><table class=\"has-fixed-layout\"><tbody><tr><td><strong>Property<\/strong><\/td><td><strong>Cookie<\/strong><\/td><td><strong>Purpose<\/strong><\/td><td><strong>Term<\/strong><\/td><\/tr><tr><td>amalficare.com<\/td><td><strong>cookie-consent<\/strong><\/td><td>Cookie necessary for the use of the options and services of the website<\/td><td>in a year<\/td><\/tr><\/tbody><\/table><\/figure>\n\n\n\n<p><strong>THIRD PARTY COOKIES<\/strong><\/p>\n\n\n\n<p>Third-party services are beyond the control of the publisher. Providers may modify their terms of service, purpose and use of cookies, etc. at any time.<\/p>\n\n\n\n<p><strong>Third-party providers of this website:<\/strong><\/p>\n\n\n\n<p>Cookies controlled by third parties are not installed<\/p>\n\n\n\n<figure class=\"wp-block-table\"><table class=\"has-fixed-layout\"><tbody><tr><td><strong>COOKIE SETTINGS PANEL<\/strong><\/td><\/tr><\/tbody><\/table><\/figure>\n\n\n\n<p>From this panel you can configure the cookies that the website can install in your browser, except for technical or functional cookies that are necessary for browsing and using the different options or services offered.<\/p>\n\n\n\n<p>Cookies panel<\/p>\n\n\n\n<figure class=\"wp-block-table\"><table class=\"has-fixed-layout\"><tbody><tr><td><strong>HOW TO MANAGE COOKIES FROM THE BROWSER<\/strong><\/td><\/tr><\/tbody><\/table><\/figure>\n\n\n\n<figure class=\"wp-block-table\"><table class=\"has-fixed-layout\"><tbody><tr><td><strong>Delete cookies from your device&nbsp;<\/strong><\/td><td>Cookies that are already on a device can be deleted by clearing the browser history, which deletes cookies from all websites visited.<br>However, some of your saved information (such as login details or website preferences) may also be lost.<\/td><\/tr><tr><td><strong>Managing site-specific cookies&nbsp;<\/strong><\/td><td>For more precise control over site-specific cookies, users can adjust their privacy and cookie settings in their browser.<\/td><\/tr><tr><td><strong>Block cookies&nbsp;<\/strong><\/td><td>Although most modern browsers can be configured to prevent cookies from being placed on your device, this may require you to manually adjust certain preferences each time you visit a site or page. In addition, some services and features may not work properly (for example, profile logins).<\/td><\/tr><\/tbody><\/table><\/figure>\n\n\n\n<figure class=\"wp-block-table\"><table class=\"has-fixed-layout\"><tbody><tr><td><strong>HOW TO DELETE COOKIES FROM THE MOST COMMON BROWSERS<\/strong><\/td><\/tr><\/tbody><\/table><\/figure>\n\n\n\n<figure class=\"wp-block-table\"><table class=\"has-fixed-layout\"><tbody><tr><td><strong>Chrome<\/strong><\/td><td><a href=\"http:\/\/support.google.com\/chrome\/answer\/95647?hl=es\">http:\/\/support.google.com\/chrome\/answer\/95647?hl=es<\/a><\/td><\/tr><tr><td><strong>Edge<\/strong><\/td><td><a href=\"https:\/\/support.microsoft.com\/es-es\/microsoft-edge\/eliminar-las-cookies-en-microsoft-edge-63947406-40ac-c3b8-57b9-2a946a29ae09\">https:\/\/support.microsoft.com\/es-es\/microsoft-edge\/eliminar-las-cookies-en-microsoft-edge-63947406-40ac-c3b8-57b9-2a946a29ae09<\/a><\/td><\/tr><tr><td><strong>Explorer<\/strong><\/td><td><a href=\"https:\/\/support.microsoft.com\/es-es\/help\/278835\/how-to-delete-cookie-files-in-internet-explorer\">https:\/\/support.microsoft.com\/es-es\/help\/278835\/how-to-delete-cookie-files-in-internet-explorer<\/a><\/td><\/tr><tr><td><strong>Firefox&nbsp;<\/strong><\/td><td><a href=\"https:\/\/www.mozilla.org\/es-ES\/privacy\/websites\/#cookies\">https:\/\/www.mozilla.org\/es-ES\/privacy\/websites\/#cookies<\/a><\/td><\/tr><tr><td><strong>Safari<\/strong><\/td><td><a href=\"https:\/\/support.apple.com\/es-es\/guide\/safari\/sfri11471\/mac\">https:\/\/support.apple.com\/es-es\/guide\/safari\/sfri11471\/mac<\/a><\/td><\/tr><tr><td><strong>Opera<\/strong><\/td><td><a href=\"https:\/\/help.opera.com\/en\/latest\/security-and-privacy\/#clearBrowsingData\">https:\/\/help.opera.com\/en\/latest\/security-and-privacy\/#clearBrowsingData<\/a><\/td><\/tr><\/tbody><\/table><\/figure>","protected":false},"excerpt":{"rendered":"<p>POL\u00cdTICA DE COOKIES INFORMACI\u00d3N SOBRE COOKIES&nbsp; Conforme con la Ley 34\/2002, de 11 de julio, de servicios de la sociedad [&hellip;]<\/p>\n","protected":false},"author":2,"featured_media":0,"parent":0,"menu_order":0,"comment_status":"closed","ping_status":"closed","template":"","meta":{"site-sidebar-layout":"default","site-content-layout":"","ast-site-content-layout":"default","site-content-style":"default","site-sidebar-style":"default","ast-global-header-display":"","ast-banner-title-visibility":"","ast-main-header-display":"","ast-hfb-above-header-display":"","ast-hfb-below-header-display":"","ast-hfb-mobile-header-display":"","site-post-title":"","ast-breadcrumbs-content":"","ast-featured-img":"","footer-sml-layout":"","theme-transparent-header-meta":"","adv-header-id-meta":"","stick-header-meta":"","header-above-stick-meta":"","header-main-stick-meta":"","header-below-stick-meta":"","astra-migrate-meta-layouts":"default","ast-page-background-enabled":"default","ast-page-background-meta":{"desktop":{"background-color":"var(--ast-global-color-4)","background-image":"","background-repeat":"repeat","background-position":"center center","background-size":"auto","background-attachment":"scroll","background-type":"","background-media":"","overlay-type":"","overlay-color":"","overlay-opacity":"","overlay-gradient":""},"tablet":{"background-color":"","background-image":"","background-repeat":"repeat","background-position":"center center","background-size":"auto","background-attachment":"scroll","background-type":"","background-media":"","overlay-type":"","overlay-color":"","overlay-opacity":"","overlay-gradient":""},"mobile":{"background-color":"","background-image":"","background-repeat":"repeat","background-position":"center center","background-size":"auto","background-attachment":"scroll","background-type":"","background-media":"","overlay-type":"","overlay-color":"","overlay-opacity":"","overlay-gradient":""}},"ast-content-background-meta":{"desktop":{"background-color":"var(--ast-global-color-5)","background-image":"","background-repeat":"repeat","background-position":"center center","background-size":"auto","background-attachment":"scroll","background-type":"","background-media":"","overlay-type":"","overlay-color":"","overlay-opacity":"","overlay-gradient":""},"tablet":{"background-color":"var(--ast-global-color-5)","background-image":"","background-repeat":"repeat","background-position":"center center","background-size":"auto","background-attachment":"scroll","background-type":"","background-media":"","overlay-type":"","overlay-color":"","overlay-opacity":"","overlay-gradient":""},"mobile":{"background-color":"var(--ast-global-color-5)","background-image":"","background-repeat":"repeat","background-position":"center center","background-size":"auto","background-attachment":"scroll","background-type":"","background-media":"","overlay-type":"","overlay-color":"","overlay-opacity":"","overlay-gradient":""}},"footnotes":""},"class_list":["post-403","page","type-page","status-publish","hentry"],"yoast_head":"<!-- This site is optimized with the Yoast SEO plugin v27.3 - https:\/\/yoast.com\/product\/yoast-seo-wordpress\/ -->\n<title>Pol\u00edtica de cookies - Amalfi<\/title>\n<meta name=\"robots\" content=\"index, follow, max-snippet:-1, max-image-preview:large, max-video-preview:-1\" \/>\n<link rel=\"canonical\" href=\"https:\/\/amalficare.com\/en\/politica-de-cookies\/\" \/>\n<meta property=\"og:locale\" content=\"en_US\" \/>\n<meta property=\"og:type\" content=\"article\" \/>\n<meta property=\"og:title\" content=\"Pol\u00edtica de cookies - Amalfi\" \/>\n<meta property=\"og:description\" content=\"POL\u00cdTICA DE COOKIES INFORMACI\u00d3N SOBRE COOKIES&nbsp; Conforme con la Ley 34\/2002, de 11 de julio, de servicios de la sociedad [&hellip;]\" \/>\n<meta property=\"og:url\" content=\"https:\/\/amalficare.com\/en\/politica-de-cookies\/\" \/>\n<meta property=\"og:site_name\" content=\"Amalfi\" \/>\n<meta property=\"article:modified_time\" content=\"2024-09-26T14:31:35+00:00\" \/>\n<meta name=\"twitter:card\" content=\"summary_large_image\" \/>\n<meta name=\"twitter:label1\" content=\"Est. reading time\" \/>\n\t<meta name=\"twitter:data1\" content=\"6 minutes\" \/>\n<script type=\"application\/ld+json\" class=\"yoast-schema-graph\">{\"@context\":\"https:\\\/\\\/schema.org\",\"@graph\":[{\"@type\":\"WebPage\",\"@id\":\"https:\\\/\\\/amalficare.com\\\/politica-de-cookies\\\/\",\"url\":\"https:\\\/\\\/amalficare.com\\\/politica-de-cookies\\\/\",\"name\":\"Pol\u00edtica de cookies - Amalfi\",\"isPartOf\":{\"@id\":\"https:\\\/\\\/amalficare.com\\\/#website\"},\"datePublished\":\"2024-09-25T09:50:59+00:00\",\"dateModified\":\"2024-09-26T14:31:35+00:00\",\"breadcrumb\":{\"@id\":\"https:\\\/\\\/amalficare.com\\\/politica-de-cookies\\\/#breadcrumb\"},\"inLanguage\":\"en-US\",\"potentialAction\":[{\"@type\":\"ReadAction\",\"target\":[\"https:\\\/\\\/amalficare.com\\\/politica-de-cookies\\\/\"]}]},{\"@type\":\"BreadcrumbList\",\"@id\":\"https:\\\/\\\/amalficare.com\\\/politica-de-cookies\\\/#breadcrumb\",\"itemListElement\":[{\"@type\":\"ListItem\",\"position\":1,\"name\":\"Portada\",\"item\":\"https:\\\/\\\/amalficare.com\\\/\"},{\"@type\":\"ListItem\",\"position\":2,\"name\":\"Pol\u00edtica de cookies\"}]},{\"@type\":\"WebSite\",\"@id\":\"https:\\\/\\\/amalficare.com\\\/#website\",\"url\":\"https:\\\/\\\/amalficare.com\\\/\",\"name\":\"Amalfi Care\",\"description\":\"\",\"publisher\":{\"@id\":\"https:\\\/\\\/amalficare.com\\\/#organization\"},\"potentialAction\":[{\"@type\":\"SearchAction\",\"target\":{\"@type\":\"EntryPoint\",\"urlTemplate\":\"https:\\\/\\\/amalficare.com\\\/?s={search_term_string}\"},\"query-input\":{\"@type\":\"PropertyValueSpecification\",\"valueRequired\":true,\"valueName\":\"search_term_string\"}}],\"inLanguage\":\"en-US\"},{\"@type\":\"Organization\",\"@id\":\"https:\\\/\\\/amalficare.com\\\/#organization\",\"name\":\"Amalfi Care\",\"url\":\"https:\\\/\\\/amalficare.com\\\/\",\"logo\":{\"@type\":\"ImageObject\",\"inLanguage\":\"en-US\",\"@id\":\"https:\\\/\\\/amalficare.com\\\/#\\\/schema\\\/logo\\\/image\\\/\",\"url\":\"https:\\\/\\\/amalficare.com\\\/wp-content\\\/uploads\\\/2024\\\/08\\\/logo-amalfi-1.webp\",\"contentUrl\":\"https:\\\/\\\/amalficare.com\\\/wp-content\\\/uploads\\\/2024\\\/08\\\/logo-amalfi-1.webp\",\"width\":1490,\"height\":423,\"caption\":\"Amalfi Care\"},\"image\":{\"@id\":\"https:\\\/\\\/amalficare.com\\\/#\\\/schema\\\/logo\\\/image\\\/\"},\"sameAs\":[\"https:\\\/\\\/www.tiktok.com\\\/@amalficare\",\"https:\\\/\\\/www.instagram.com\\\/amalficare.oficial\\\/\"]}]}<\/script>\n<!-- \/ Yoast SEO plugin. -->","yoast_head_json":{"title":"Pol\u00edtica de cookies - Amalfi","robots":{"index":"index","follow":"follow","max-snippet":"max-snippet:-1","max-image-preview":"max-image-preview:large","max-video-preview":"max-video-preview:-1"},"canonical":"https:\/\/amalficare.com\/en\/politica-de-cookies\/","og_locale":"en_US","og_type":"article","og_title":"Pol\u00edtica de cookies - Amalfi","og_description":"POL\u00cdTICA DE COOKIES INFORMACI\u00d3N SOBRE COOKIES&nbsp; Conforme con la Ley 34\/2002, de 11 de julio, de servicios de la sociedad [&hellip;]","og_url":"https:\/\/amalficare.com\/en\/politica-de-cookies\/","og_site_name":"Amalfi","article_modified_time":"2024-09-26T14:31:35+00:00","twitter_card":"summary_large_image","twitter_misc":{"Est. reading time":"6 minutes"},"schema":{"@context":"https:\/\/schema.org","@graph":[{"@type":"WebPage","@id":"https:\/\/amalficare.com\/politica-de-cookies\/","url":"https:\/\/amalficare.com\/politica-de-cookies\/","name":"Pol\u00edtica de cookies - Amalfi","isPartOf":{"@id":"https:\/\/amalficare.com\/#website"},"datePublished":"2024-09-25T09:50:59+00:00","dateModified":"2024-09-26T14:31:35+00:00","breadcrumb":{"@id":"https:\/\/amalficare.com\/politica-de-cookies\/#breadcrumb"},"inLanguage":"en-US","potentialAction":[{"@type":"ReadAction","target":["https:\/\/amalficare.com\/politica-de-cookies\/"]}]},{"@type":"BreadcrumbList","@id":"https:\/\/amalficare.com\/politica-de-cookies\/#breadcrumb","itemListElement":[{"@type":"ListItem","position":1,"name":"Portada","item":"https:\/\/amalficare.com\/"},{"@type":"ListItem","position":2,"name":"Pol\u00edtica de cookies"}]},{"@type":"WebSite","@id":"https:\/\/amalficare.com\/#website","url":"https:\/\/amalficare.com\/","name":"Amalfi Care","description":"","publisher":{"@id":"https:\/\/amalficare.com\/#organization"},"potentialAction":[{"@type":"SearchAction","target":{"@type":"EntryPoint","urlTemplate":"https:\/\/amalficare.com\/?s={search_term_string}"},"query-input":{"@type":"PropertyValueSpecification","valueRequired":true,"valueName":"search_term_string"}}],"inLanguage":"en-US"},{"@type":"Organization","@id":"https:\/\/amalficare.com\/#organization","name":"Amalfi Care","url":"https:\/\/amalficare.com\/","logo":{"@type":"ImageObject","inLanguage":"en-US","@id":"https:\/\/amalficare.com\/#\/schema\/logo\/image\/","url":"https:\/\/amalficare.com\/wp-content\/uploads\/2024\/08\/logo-amalfi-1.webp","contentUrl":"https:\/\/amalficare.com\/wp-content\/uploads\/2024\/08\/logo-amalfi-1.webp","width":1490,"height":423,"caption":"Amalfi Care"},"image":{"@id":"https:\/\/amalficare.com\/#\/schema\/logo\/image\/"},"sameAs":["https:\/\/www.tiktok.com\/@amalficare","https:\/\/www.instagram.com\/amalficare.oficial\/"]}]}},"_links":{"self":[{"href":"https:\/\/amalficare.com\/en\/wp-json\/wp\/v2\/pages\/403","targetHints":{"allow":["GET"]}}],"collection":[{"href":"https:\/\/amalficare.com\/en\/wp-json\/wp\/v2\/pages"}],"about":[{"href":"https:\/\/amalficare.com\/en\/wp-json\/wp\/v2\/types\/page"}],"author":[{"embeddable":true,"href":"https:\/\/amalficare.com\/en\/wp-json\/wp\/v2\/users\/2"}],"replies":[{"embeddable":true,"href":"https:\/\/amalficare.com\/en\/wp-json\/wp\/v2\/comments?post=403"}],"version-history":[{"count":2,"href":"https:\/\/amalficare.com\/en\/wp-json\/wp\/v2\/pages\/403\/revisions"}],"predecessor-version":[{"id":415,"href":"https:\/\/amalficare.com\/en\/wp-json\/wp\/v2\/pages\/403\/revisions\/415"}],"wp:attachment":[{"href":"https:\/\/amalficare.com\/en\/wp-json\/wp\/v2\/media?parent=403"}],"curies":[{"name":"wp","href":"https:\/\/api.w.org\/{rel}","templated":true}]}}